{"id":3484,"date":"2025-01-05T10:35:33","date_gmt":"2025-01-05T09:35:33","guid":{"rendered":"http:\/\/www.autoszkolalider.pl\/?page_id=3484"},"modified":"2026-04-09T14:15:53","modified_gmt":"2026-04-09T12:15:53","slug":"onepage-06-2","status":"publish","type":"page","link":"https:\/\/www.autoszkolalider.pl\/index.php\/onepage-06-2\/","title":{"rendered":"Kursy"},"content":{"rendered":"\t\t<div data-elementor-type=\"wp-page\" data-elementor-id=\"3484\" class=\"elementor elementor-3484\">\n\t\t\t\t<div class=\"elementor-element elementor-element-c44d2fa e-grid e-con-boxed e-con e-parent\" data-id=\"c44d2fa\" data-element_type=\"container\">\n\t\t\t\t\t<div class=\"e-con-inner\">\n\t\t\t\t<div class=\"elementor-element elementor-element-fb65d6d elementor-absolute elementor-widget elementor-widget-heading\" data-id=\"fb65d6d\" data-element_type=\"widget\" data-settings=\"{&quot;_position&quot;:&quot;absolute&quot;}\" data-widget_type=\"heading.default\">\n\t\t\t\t<div class=\"elementor-widget-container\">\n\t\t\t\t\t<h2 class=\"elementor-heading-title elementor-size-default\">Terminy kurs\u00f3w:<\/h2>\t\t\t\t<\/div>\n\t\t\t\t<\/div>\n\t\t\t\t<div class=\"elementor-element elementor-element-609dd6e elementor-widget elementor-widget-text-editor\" data-id=\"609dd6e\" data-element_type=\"widget\" data-widget_type=\"text-editor.default\">\n\t\t\t\t<div class=\"elementor-widget-container\">\n\t\t\t\t\t\t\t\t\t<h3 style=\"text-align: center;\"><span style=\"color: #1e73be;\"><strong>Armii Krajowej 32<\/strong><\/span><\/h3><h3 style=\"text-align: center;\"><span style=\"color: #1e73be;\">Najbli\u017cszy: 2026-05-21 godz. 18:00<\/span><\/h3><h3 style=\"text-align: center;\"><span style=\"color: #1e73be;\">Kolejny: 2026-05-25 godz. 18:00<\/span><\/h3>\t\t\t\t\t\t\t\t<\/div>\n\t\t\t\t<\/div>\n\t\t\t\t<div class=\"elementor-element elementor-element-7334de6 elementor-widget elementor-widget-text-editor\" data-id=\"7334de6\" data-element_type=\"widget\" data-widget_type=\"text-editor.default\">\n\t\t\t\t<div class=\"elementor-widget-container\">\n\t\t\t\t\t\t\t\t\t<h3 style=\"text-align: center;\"><span style=\"color: #1e73be;\"><strong>Rzgowska 57<\/strong><\/span><\/h3><h3 style=\"text-align: center;\"><span style=\"color: #1e73be;\">Najbli\u017cszy: 2026-05-21 godz. 18:00<\/span><\/h3><h3 style=\"text-align: center;\"><span style=\"color: #1e73be;\">Kolejny: 2026-05-25 godz. 18:00<\/span><\/h3>\t\t\t\t\t\t\t\t<\/div>\n\t\t\t\t<\/div>\n\t\t\t\t<div class=\"elementor-element elementor-element-39868ae elementor-widget elementor-widget-text-editor\" data-id=\"39868ae\" data-element_type=\"widget\" data-widget_type=\"text-editor.default\">\n\t\t\t\t<div class=\"elementor-widget-container\">\n\t\t\t\t\t\t\t\t\t<h3 style=\"text-align: center;\"><span style=\"color: #1e73be;\"><strong>ABC Zgierska 69<\/strong><\/span><\/h3><h3 style=\"text-align: center;\"><span style=\"color: #1e73be;\">Najbli\u017cszy: 2026-05-21 godz. 18:00<\/span><\/h3><h3 style=\"text-align: center;\"><span style=\"color: #1e73be;\">Kolejny: 2026-05-25 godz. 18:00<\/span><\/h3>\t\t\t\t\t\t\t\t<\/div>\n\t\t\t\t<\/div>\n\t\t\t\t<div class=\"elementor-element elementor-element-bf1124d elementor-widget elementor-widget-text-editor\" data-id=\"bf1124d\" data-element_type=\"widget\" data-widget_type=\"text-editor.default\">\n\t\t\t\t<div class=\"elementor-widget-container\">\n\t\t\t\t\t\t\t\t\t<h3 style=\"text-align: center;\"><span style=\"color: #1e73be;\"><strong>Narutowicza 37<\/strong><\/span><\/h3><h3 style=\"text-align: center;\"><span style=\"color: #1e73be;\">Najbli\u017cszy: 2026-05-14 godz. 18:00<\/span><\/h3><h3 style=\"text-align: center;\"><span style=\"color: #1e73be;\">Kolejny: 2026-05-18 godz. 18:00<\/span><\/h3>\t\t\t\t\t\t\t\t<\/div>\n\t\t\t\t<\/div>\n\t\t\t\t<div class=\"elementor-element elementor-element-654a651 elementor-widget elementor-widget-text-editor\" data-id=\"654a651\" data-element_type=\"widget\" data-widget_type=\"text-editor.default\">\n\t\t\t\t<div class=\"elementor-widget-container\">\n\t\t\t\t\t\t\t\t\t<h3 style=\"text-align: center;\"><strong><span style=\"color: #1e73be;\">Kurs w j\u0119zyku angielskim<\/span><\/strong><\/h3><h3 style=\"text-align: center;\"><span style=\"color: #1e73be;\">Najbli\u017cszy: Termin do ustalenia z kursantami<\/span><\/h3><h3 style=\"text-align: center;\"><span style=\"color: #1e73be;\">Kolejny: Nie ustalono<\/span><\/h3>\t\t\t\t\t\t\t\t<\/div>\n\t\t\t\t<\/div>\n\t\t\t\t<div class=\"elementor-element elementor-element-1d015ab elementor-widget elementor-widget-text-editor\" data-id=\"1d015ab\" data-element_type=\"widget\" data-widget_type=\"text-editor.default\">\n\t\t\t\t<div class=\"elementor-widget-container\">\n\t\t\t\t\t\t\t\t\t<h3 style=\"text-align: center;\"><strong><span style=\"color: #1e73be;\">Kurs w j\u0119zyku rosyjskim<\/span><\/strong><\/h3><h3 style=\"text-align: center;\"><span style=\"color: #1e73be;\">Najbli\u017cszy: 2026-04-18 godz. 8:00<\/span><\/h3><h3 style=\"text-align: center;\"><span style=\"color: #1e73be;\">Kolejny: 2026-05-09 godz. 8:00<\/span><\/h3>\t\t\t\t\t\t\t\t<\/div>\n\t\t\t\t<\/div>\n\t\t\t\t<div class=\"elementor-element elementor-element-1e0b5b0 elementor-widget elementor-widget-text-editor\" data-id=\"1e0b5b0\" data-element_type=\"widget\" data-widget_type=\"text-editor.default\">\n\t\t\t\t<div class=\"elementor-widget-container\">\n\t\t\t\t\t\t\t\t\t<h3 style=\"text-align: center;\"><strong><span style=\"color: #1e73be;\">Kurs weekendowy<\/span><\/strong><\/h3><h3 style=\"text-align: center;\"><span style=\"color: #1e73be;\">Najbli\u017cszy: 2025-00-00 godz. 8:00<\/span><\/h3><h3 style=\"text-align: center;\"><span style=\"color: #1e73be;\">Kolejny: Termin do ustalenia z kursantami<\/span><\/h3>\t\t\t\t\t\t\t\t<\/div>\n\t\t\t\t<\/div>\n\t\t\t\t\t<\/div>\n\t\t\t\t<\/div>\n\t\t\t\t<section class=\"elementor-section elementor-top-section elementor-element elementor-element-a3047d2 elementor-section-boxed elementor-section-height-default elementor-section-height-default\" data-id=\"a3047d2\" data-element_type=\"section\" data-settings=\"{&quot;background_background&quot;:&quot;classic&quot;}\">\n\t\t\t\t\t\t<div class=\"elementor-container elementor-column-gap-default\">\n\t\t\t\t\t<div class=\"elementor-column elementor-col-100 elementor-top-column elementor-element elementor-element-a16be65\" data-id=\"a16be65\" data-element_type=\"column\">\n\t\t\t<div class=\"elementor-widget-wrap elementor-element-populated\">\n\t\t\t\t\t\t<div class=\"elementor-element elementor-element-d66887e elementor-absolute elementor-widget elementor-widget-text-editor\" data-id=\"d66887e\" data-element_type=\"widget\" data-settings=\"{&quot;_position&quot;:&quot;absolute&quot;}\" data-widget_type=\"text-editor.default\">\n\t\t\t\t<div class=\"elementor-widget-container\">\n\t\t\t\t\t\t\t\t\t<h2>Cennik naszych kurs\u00f3w<\/h2>\t\t\t\t\t\t\t\t<\/div>\n\t\t\t\t<\/div>\n\t\t\t\t<div class=\"elementor-element elementor-element-c553efb elementor-widget elementor-widget-dridepricing\" data-id=\"c553efb\" data-element_type=\"widget\" data-widget_type=\"dridepricing.default\">\n\t\t\t\t<div class=\"elementor-widget-container\">\n\t\t\t\t\t<div class=\"row gy-4 justify-content-center\"><div class=\"col-lg-4 col-md-6\"><div class=\"price-card \"><h3 class=\"box-title\">Kurs podstawowy kat.B<\/h3><h4 class=\"price-card_price\">4000 <span class=\"duration\">z\u0142 \/ za kurs<\/span><\/h4><div class=\"price-card_content\"><div class=\"checklist\"><ul><li><i class=\"fas fa-circle-check\"><\/i> 30 godzin lekcyjnych teorii<\/li><li><i class=\"fas fa-circle-check\"><\/i> 30 godzin zegarowych praktyki<\/li><\/ul><\/div><a href=\"http:\/\/www.autoszkolalider.pl\/index.php\/kontakt-2\/\" class=\"th-btn\">wybierz kurs<i class=\"fas fa-arrow-right ms-2\"><\/i><\/a><\/div><\/div><\/div><div class=\"col-lg-4 col-md-6\"><div class=\"price-card \"><h3 class=\"box-title\">Kurs rozszerzony kat.B<\/h3><h4 class=\"price-card_price\">4400<span class=\"duration\"> z\u0142 \/ za kurs<\/span><\/h4><div class=\"price-card_content\"><div class=\"checklist\"><ul><li><i class=\"fas fa-circle-check\"><\/i>30 godzin lekcyjnych teorii<\/li><li><i class=\"fas fa-circle-check\"><\/i> 35 godzin zegarowych praktyki<\/li><li><i class=\"fas fa-circle-check\"><\/i> 30 min jazdy po placu WORD<\/li><\/ul><ul><li style=\"list-style-type: none\">\u00a0<\/li><\/ul><\/div><a href=\"http:\/\/www.autoszkolalider.pl\/index.php\/kontakt-2\/\" class=\"th-btn\">wybierz kurs<i class=\"fas fa-arrow-right ms-2\"><\/i><\/a><\/div><\/div><\/div><div class=\"col-lg-4 col-md-6\"><div class=\"price-card active\"><span class=\"tag\">Popularny<\/span><h3 class=\"box-title\">Kurs rozszerzony plus\nkat.B<\/h3><h4 class=\"price-card_price\">4500<span class=\"duration\">  z\u0142 \/ za kurs<\/span><\/h4><div class=\"price-card_content\"><div class=\"checklist\"><ul><li><i class=\"fas fa-circle-check\"><\/i>30 godzin lekcyjnych teorii<\/li><li><i class=\"fas fa-circle-check\"><\/i> 35 godzin zegarowych praktyki<\/li><li><i class=\"fas fa-circle-check\"><\/i> 30 min jazdy po placu WORD<\/li><li style=\"list-style-type: none\"><ul><li><i class=\"fas fa-circle-check\"><\/i>jednorazowo samoch\u00f3d OSK na egzamin pa\u0144stwowy<\/li><\/ul><\/li><\/ul><\/div><a href=\"http:\/\/www.autoszkolalider.pl\/index.php\/kontakt-2\/\" class=\"th-btn\">wybierz kurs<i class=\"fas fa-arrow-right ms-2\"><\/i><\/a><\/div><\/div><\/div><div class=\"col-lg-4 col-md-6\"><div class=\"price-card \"><h3 class=\"box-title\">Kurs kat. B na aucie w automacie<\/h3><h4 class=\"price-card_price\">4300<span class=\"duration\"> z\u0142 \/ za kurs<\/span><\/h4><div class=\"price-card_content\"><div class=\"checklist\"><ul><li><i class=\"fas fa-circle-check\"><\/i> 30 godzin teorii (godz. lekcyjne)<\/li><li><i class=\"fas fa-circle-check\"><\/i> 30 godzin praktyki (godz. zegarowe)<\/li><\/ul><\/div><a href=\"http:\/\/www.autoszkolalider.pl\/index.php\/kontakt-2\/\" class=\"th-btn\">wybierz kurs<i class=\"fas fa-arrow-right ms-2\"><\/i><\/a><\/div><\/div><\/div><div class=\"col-lg-4 col-md-6\"><div class=\"price-card \"><h3 class=\"box-title\">Kurs w j\u0119zyku angielskim kat.B<\/h3><h4 class=\"price-card_price\">4500<span class=\"duration\"> z\u0142 \/ za kurs<\/span><\/h4><div class=\"price-card_content\"><div class=\"checklist\"><ul><li><i class=\"fas fa-circle-check\"><\/i> 30 godzin lekcyjnych teorii<\/li><li><i class=\"fas fa-circle-check\"><\/i> 30 godzin zegarowych praktyki<\/li><\/ul><\/div><a href=\"http:\/\/www.autoszkolalider.pl\/index.php\/kontakt-2\/\" class=\"th-btn\">wybierz kurs<i class=\"fas fa-arrow-right ms-2\"><\/i><\/a><\/div><\/div><\/div><div class=\"col-lg-4 col-md-6\"><div class=\"price-card \"><h3 class=\"box-title\">Kurs w j\u0119zyku rosyjskim kat.B<\/h3><h4 class=\"price-card_price\">4300<span class=\"duration\"> z\u0142 \/ za kurs<\/span><\/h4><div class=\"price-card_content\"><div class=\"checklist\"><ul><li><i class=\"fas fa-circle-check\"><\/i> 30 godzin lekcyjnych teorii<\/li><li><i class=\"fas fa-circle-check\"><\/i> 30 godzin zegarowych praktyki<\/li><\/ul><\/div><a href=\"http:\/\/www.autoszkolalider.pl\/index.php\/kontakt-2\/\" class=\"th-btn\">wybierz kurs<i class=\"fas fa-arrow-right ms-2\"><\/i><\/a><\/div><\/div><\/div><div class=\"col-lg-4 col-md-6\"><div class=\"price-card \"><h3 class=\"box-title\">Kurs weekendowy\nkat.B<\/h3><h4 class=\"price-card_price\">4200<span class=\"duration\">  z\u0142 \/ za kurs<\/span><\/h4><div class=\"price-card_content\"><div class=\"checklist\"><ul><li><i class=\"fas fa-circle-check\"><\/i> 30 godzin lekcyjnych teorii<\/li><li><i class=\"fas fa-circle-check\"><\/i> 30 godzin zegarowych praktyki<\/li><\/ul><\/div><a href=\"http:\/\/www.autoszkolalider.pl\/index.php\/kontakt-2\/\" class=\"th-btn\">wybierz kurs<i class=\"fas fa-arrow-right ms-2\"><\/i><\/a><\/div><\/div><\/div><div class=\"col-lg-4 col-md-6\"><div class=\"price-card \"><h3 class=\"box-title\">Kurs indywidualny\nkat.B<\/h3><h4 class=\"price-card_price\">4200<span class=\"duration\">  z\u0142 \/ za kurs<\/span><\/h4><div class=\"price-card_content\"><div class=\"checklist\"><ul><li><i class=\"fas fa-circle-check\"><\/i> 30 godzin lekcyjnych teorii<\/li><li><i class=\"fas fa-circle-check\"><\/i> 30 godzin zegarowych praktyki<\/li><\/ul><\/div><a href=\"http:\/\/www.autoszkolalider.pl\/index.php\/kontakt-2\/\" class=\"th-btn\">wybierz kurs<i class=\"fas fa-arrow-right ms-2\"><\/i><\/a><\/div><\/div><\/div><div class=\"col-lg-4 col-md-6\"><div class=\"price-card \"><h3 class=\"box-title\">Voucher na kurs kat. B<\/h3><h4 class=\"price-card_price\">4000 <span class=\"duration\"> z\u0142 \/ za kurs<\/span><\/h4><div class=\"price-card_content\"><div class=\"checklist\"><ul><li><i class=\"fas fa-circle-check\"><\/i> 30 godzin lekcyjnych teorii<\/li><li><i class=\"fas fa-circle-check\"><\/i> 30 godzin zegarowych praktyki<\/li><\/ul><\/div><a href=\"http:\/\/www.autoszkolalider.pl\/index.php\/kontakt-2\/\" class=\"th-btn\">wybierz kurs<i class=\"fas fa-arrow-right ms-2\"><\/i><\/a><\/div><\/div><\/div><div class=\"col-lg-4 col-md-6\"><div class=\"price-card \"><h3 class=\"box-title\">Dodatkowe opcje<\/h3><div class=\"price-card_content\"><div class=\"checklist\">\n\n&nbsp;\n<ul>\n \t<li><i class=\"fas fa-circle-check\"><\/i>godzina zegarowa jazdy doszkalaj\u0105cej autem z manualn\u0105 skrzyni\u0105 bieg\u00f3w 140 z\u0142<\/li>\n \t<li><i class=\"fas fa-circle-check\"><\/i>godzina zegarowa jazdy doszkalaj\u0105cej autem z automatyczn\u0105 skrzyni\u0105 bieg\u00f3w 150 z\u0142<\/li>\n \t<li><i class=\"fas fa-circle-check\"><\/i>podstawienie auta auto szko\u0142y na egzamin 200 z\u0142<\/li>\n \t<li>instruktor na egzaminie 200 z\u0142<\/li>\n \t<li><i class=\"fas fa-circle-check\"><\/i>pakiet 10 godzin zegarowych jazd doszkalaj\u0105cych autem z manualn\u0105 skrzyni\u0105 bieg\u00f3w 1300 z\u0142<\/li>\n \t<li><i class=\"fas fa-circle-check\"><\/i>pakiet 10 godzin zegarowych jazd doszkalaj\u0105cych autem z automatyczn\u0105 skrzyni\u0105 bieg\u00f3w 1400 z\u0142<\/li>\n \t<li><i class=\"fas fa-circle-check\"><\/i>auto + instruktor na egzamin 300 z\u0142<\/li>\n<\/ul>\n<\/div><a href=\"#\" class=\"th-btn\">WYBIERZ<i class=\"fas fa-arrow-right ms-2\"><\/i><\/a><\/div><\/div><\/div><\/div>\t\t\t\t<\/div>\n\t\t\t\t<\/div>\n\t\t\t\t\t<\/div>\n\t\t<\/div>\n\t\t\t\t\t<\/div>\n\t\t<\/section>\n\t\t\t\t<\/div>\n\t\t","protected":false},"excerpt":{"rendered":"<p>Terminy kurs\u00f3w: Armii Krajowej 32 Najbli\u017cszy: Kolejny: Rzgowska 57 Najbli\u017cszy: Kolejny: ABC Zgierska 69 Najbli\u017cszy: Kolejny: Narutowicza 37 Najbli\u017cszy: Kolejny: Kurs w j\u0119zyku angielskim Najbli\u017cszy: Kolejny: Kurs w j\u0119zyku rosyjskim Najbli\u017cszy: Kolejny: Kurs weekendowy Najbli\u017cszy: Kolejny: Cennik naszych kurs\u00f3w Kurs podstawowy kat.B z\u0142 \/ za kurs 30 godzin lekcyjnych teorii 30 godzin zegarowych praktyki wybierz&#8230;<\/p>\n","protected":false},"author":1,"featured_media":0,"parent":0,"menu_order":0,"comment_status":"closed","ping_status":"closed","template":"","meta":{"om_disable_all_campaigns":false,"_monsterinsights_skip_tracking":false,"_monsterinsights_sitenote_active":false,"_monsterinsights_sitenote_note":"","_monsterinsights_sitenote_category":0,"_uf_show_specific_survey":0,"_uf_disable_surveys":false,"footnotes":""},"class_list":["post-3484","page","type-page","status-publish","hentry"],"aioseo_notices":[],"_links":{"self":[{"href":"https:\/\/www.autoszkolalider.pl\/index.php\/wp-json\/wp\/v2\/pages\/3484","targetHints":{"allow":["GET"]}}],"collection":[{"href":"https:\/\/www.autoszkolalider.pl\/index.php\/wp-json\/wp\/v2\/pages"}],"about":[{"href":"https:\/\/www.autoszkolalider.pl\/index.php\/wp-json\/wp\/v2\/types\/page"}],"author":[{"embeddable":true,"href":"https:\/\/www.autoszkolalider.pl\/index.php\/wp-json\/wp\/v2\/users\/1"}],"replies":[{"embeddable":true,"href":"https:\/\/www.autoszkolalider.pl\/index.php\/wp-json\/wp\/v2\/comments?post=3484"}],"version-history":[{"count":151,"href":"https:\/\/www.autoszkolalider.pl\/index.php\/wp-json\/wp\/v2\/pages\/3484\/revisions"}],"predecessor-version":[{"id":4453,"href":"https:\/\/www.autoszkolalider.pl\/index.php\/wp-json\/wp\/v2\/pages\/3484\/revisions\/4453"}],"wp:attachment":[{"href":"https:\/\/www.autoszkolalider.pl\/index.php\/wp-json\/wp\/v2\/media?parent=3484"}],"curies":[{"name":"wp","href":"https:\/\/api.w.org\/{rel}","templated":true}]}}