{"id":3535,"date":"2025-01-05T11:56:10","date_gmt":"2025-01-05T10:56:10","guid":{"rendered":"http:\/\/www.autoszkolalider.pl\/?page_id=3535"},"modified":"2025-04-02T18:17:34","modified_gmt":"2025-04-02T16:17:34","slug":"strefa-kursanta","status":"publish","type":"page","link":"https:\/\/www.autoszkolalider.pl\/index.php\/strefa-kursanta\/","title":{"rendered":"Strefa kursanta"},"content":{"rendered":"\t\t<div data-elementor-type=\"wp-page\" data-elementor-id=\"3535\" class=\"elementor elementor-3535\">\n\t\t\t\t<div class=\"elementor-element elementor-element-612cb3b e-flex e-con-boxed e-con e-parent\" data-id=\"612cb3b\" data-element_type=\"container\" data-settings=\"{&quot;background_background&quot;:&quot;classic&quot;}\">\n\t\t\t\t\t<div class=\"e-con-inner\">\n\t\t\t\t<div class=\"elementor-element elementor-element-02e949d elementor-widget elementor-widget-text-editor\" data-id=\"02e949d\" data-element_type=\"widget\" data-widget_type=\"text-editor.default\">\n\t\t\t\t<div class=\"elementor-widget-container\">\n\t\t\t\t\t\t\t\t\t<h3 class=\"tt-title-lg text-center content_typography\" style=\"text-align: center;\">Wymogi formalne PKK<\/h3><div class=\"text-center text-md \" style=\"text-align: center;\">\u00a0<\/div><div class=\"tt-accordion-box\"><div class=\"item active\" style=\"text-align: center;\"><h5 class=\"tt-title\">PKK (Profil Kandydata na Kierowc\u0119) w czterech krokach.<\/h5><div class=\"tt-content\"><p><strong>1<\/strong> &#8211; orzeczenie lekarskie<\/p><p><strong>2<\/strong> &#8211; zdj\u0119cie biometryczne o wymiarach 35mm na 45 mm<\/p><p><strong>3<\/strong> &#8211; je\u015bli jeste\u015b osob\u0105 niepe\u0142noletni\u0105, musisz posiada\u0107 <a href=\"http:\/\/www.autoszkolalider.com3.pl\/wp-content\/uploads\/2025\/02\/Zgoda-rodzica-lu-opiekuna.pdf\">zgod\u0119 rodzica lub opiekuna<\/a> na uczestniczenie w kursie prawa jazdy<\/p><p><strong>4<\/strong> &#8211; um\u00f3w wizyt\u0119 w wydziale komunikacji\u00a0<a href=\"https:\/\/wizyty.uml.lodz.pl\/branch\/47\">(link dla os\u00f3b z \u0141odzi)<\/a><\/p><\/div><\/div><div class=\"item active\" style=\"text-align: center;\"><h5 class=\"tt-title\">Niezb\u0119dne dokumenty to\u017csamo\u015bci.<\/h5><div class=\"tt-content\"><p>paszport lub dow\u00f3d osobisty<\/p><\/div><\/div><div class=\"item active\"><div class=\"tt-content\" style=\"text-align: center;\">\u00a0<\/div><div class=\"tt-content\" style=\"text-align: center;\">Po wi\u0119cej szczeg\u00f3\u0142\u00f3w odwied\u017a :\u00a0<a href=\"https:\/\/www.gov.pl\/web\/gov\/uzyskaj-prawo-jazdy\">https:\/\/www.gov.pl\/web\/gov\/uzyskaj-prawo-jazdy<\/a><\/div><h5>\u00a0<\/h5><h5 style=\"text-align: center;\">Do szko\u0142y mo\u017cesz zapisa\u0107 si\u0119 ju\u017c po uko\u0144czeniu 17 lat i 9 miesi\u0119cy.<\/h5><\/div><\/div>\t\t\t\t\t\t\t\t<\/div>\n\t\t\t\t<\/div>\n\t\t\t\t\t<\/div>\n\t\t\t\t<\/div>\n\t\t\t\t<\/div>\n\t\t","protected":false},"excerpt":{"rendered":"<p>Wymogi formalne PKK \u00a0 PKK (Profil Kandydata na Kierowc\u0119) w czterech krokach. 1 &#8211; orzeczenie lekarskie 2 &#8211; zdj\u0119cie biometryczne o wymiarach 35mm na 45 mm 3 &#8211; je\u015bli jeste\u015b osob\u0105 niepe\u0142noletni\u0105, musisz posiada\u0107 zgod\u0119 rodzica lub opiekuna na uczestniczenie w kursie prawa jazdy 4 &#8211; um\u00f3w wizyt\u0119 w wydziale komunikacji\u00a0(link dla os\u00f3b z \u0141odzi)&#8230;<\/p>\n","protected":false},"author":1,"featured_media":0,"parent":0,"menu_order":0,"comment_status":"closed","ping_status":"closed","template":"","meta":{"om_disable_all_campaigns":false,"_monsterinsights_skip_tracking":false,"_monsterinsights_sitenote_active":false,"_monsterinsights_sitenote_note":"","_monsterinsights_sitenote_category":0,"_uf_show_specific_survey":0,"_uf_disable_surveys":false,"footnotes":""},"class_list":["post-3535","page","type-page","status-publish","hentry"],"aioseo_notices":[],"_links":{"self":[{"href":"https:\/\/www.autoszkolalider.pl\/index.php\/wp-json\/wp\/v2\/pages\/3535","targetHints":{"allow":["GET"]}}],"collection":[{"href":"https:\/\/www.autoszkolalider.pl\/index.php\/wp-json\/wp\/v2\/pages"}],"about":[{"href":"https:\/\/www.autoszkolalider.pl\/index.php\/wp-json\/wp\/v2\/types\/page"}],"author":[{"embeddable":true,"href":"https:\/\/www.autoszkolalider.pl\/index.php\/wp-json\/wp\/v2\/users\/1"}],"replies":[{"embeddable":true,"href":"https:\/\/www.autoszkolalider.pl\/index.php\/wp-json\/wp\/v2\/comments?post=3535"}],"version-history":[{"count":27,"href":"https:\/\/www.autoszkolalider.pl\/index.php\/wp-json\/wp\/v2\/pages\/3535\/revisions"}],"predecessor-version":[{"id":3937,"href":"https:\/\/www.autoszkolalider.pl\/index.php\/wp-json\/wp\/v2\/pages\/3535\/revisions\/3937"}],"wp:attachment":[{"href":"https:\/\/www.autoszkolalider.pl\/index.php\/wp-json\/wp\/v2\/media?parent=3535"}],"curies":[{"name":"wp","href":"https:\/\/api.w.org\/{rel}","templated":true}]}}