{"id":3546,"date":"2025-01-05T12:13:15","date_gmt":"2025-01-05T11:13:15","guid":{"rendered":"http:\/\/www.autoszkolalider.pl\/?page_id=3546"},"modified":"2025-04-04T18:53:07","modified_gmt":"2025-04-04T16:53:07","slug":"rzgowska-2","status":"publish","type":"page","link":"https:\/\/www.autoszkolalider.pl\/index.php\/rzgowska-2\/","title":{"rendered":"Rzgowska"},"content":{"rendered":"\t\t<div data-elementor-type=\"wp-page\" data-elementor-id=\"3546\" class=\"elementor elementor-3546\">\n\t\t\t\t<div class=\"elementor-element elementor-element-6cb7520 e-flex e-con-boxed e-con e-parent\" data-id=\"6cb7520\" data-element_type=\"container\" data-settings=\"{&quot;background_background&quot;:&quot;classic&quot;}\">\n\t\t\t\t\t<div class=\"e-con-inner\">\n\t\t<div class=\"elementor-element elementor-element-695b5a3 e-con-full e-flex e-con e-child\" data-id=\"695b5a3\" data-element_type=\"container\">\n\t\t\t\t<div class=\"elementor-element elementor-element-b63b7d6 elementor-widget elementor-widget-heading\" data-id=\"b63b7d6\" data-element_type=\"widget\" data-widget_type=\"heading.default\">\n\t\t\t\t<div class=\"elementor-widget-container\">\n\t\t\t\t\t<h2 class=\"elementor-heading-title elementor-size-default\">Rzgowska 57<\/h2>\t\t\t\t<\/div>\n\t\t\t\t<\/div>\n\t\t<div class=\"elementor-element elementor-element-bd023ac e-grid e-con-full e-con e-child\" data-id=\"bd023ac\" data-element_type=\"container\">\n\t\t\t\t<div class=\"elementor-element elementor-element-617f84d elementor-widget elementor-widget-text-editor\" data-id=\"617f84d\" data-element_type=\"widget\" data-widget_type=\"text-editor.default\">\n\t\t\t\t<div class=\"elementor-widget-container\">\n\t\t\t\t\t\t\t\t\t<div class=\"outpost-about__open\"><p>umawianie jazd od 12 do 17 pod tel. <span style=\"color: #000000;\"><strong>517 406 129<\/strong><\/span><\/p><p>Obs\u0142uga biura Paulina Pilich<\/p><p><strong>Kierownik OSK Bogdan Saba\u0142a &#8211; 515 274 586<\/strong><\/p><p>Godziny otwarcia:<br \/><span style=\"color: #000000;\"><b> Poniedzia\u0142ek \u2013 Pi\u0105tek: 10.00 \u2013 18.00<\/b><\/span><\/p><\/div><div class=\"outpost-about__desc\"><p>G\u00f3rna &#8211; to plac\u00f3wka obs\u0142uguj\u0105ca kursant\u00f3w z dzielnicy G\u00f3rna, ale tak\u017ce D\u0105browa, Chojny i Centrum w \u0141odzi. Usytuowana jest dok\u0142adnie naprzeciwko Czerwonego Rynku dzi\u0119ki czemu bardzo \u0142atwo jest j\u0105 znale\u017a\u0107. Dogodna komunikacja r\u00f3\u017cnymi \u015brodkami transportu umo\u017cliwi Pa\u0144stwu dotarcie do nas i zapisanie si\u0119 na kurs.<\/p><\/div>\t\t\t\t\t\t\t\t<\/div>\n\t\t\t\t<\/div>\n\t\t\t\t<div class=\"elementor-element elementor-element-306a19d elementor-widget elementor-widget-google_maps\" data-id=\"306a19d\" data-element_type=\"widget\" data-widget_type=\"google_maps.default\">\n\t\t\t\t<div class=\"elementor-widget-container\">\n\t\t\t\t\t\t\t<div class=\"elementor-custom-embed\">\n\t\t\t<iframe loading=\"lazy\"\n\t\t\t\t\tsrc=\"https:\/\/maps.google.com\/maps?q=Polska%2C%20%C5%82%C3%B3d%C5%BA%2C%20rzgowska57&#038;t=m&#038;z=15&#038;output=embed&#038;iwloc=near\"\n\t\t\t\t\ttitle=\"Polska, \u0142\u00f3d\u017a, rzgowska57\"\n\t\t\t\t\taria-label=\"Polska, \u0142\u00f3d\u017a, rzgowska57\"\n\t\t\t><\/iframe>\n\t\t<\/div>\n\t\t\t\t\t\t<\/div>\n\t\t\t\t<\/div>\n\t\t\t\t<\/div>\n\t\t\t\t<\/div>\n\t\t<div class=\"elementor-element elementor-element-d0865b0 e-con-full e-flex e-con e-child\" data-id=\"d0865b0\" data-element_type=\"container\">\n\t\t<div class=\"elementor-element elementor-element-899ef8d e-grid e-con-full e-con e-child\" data-id=\"899ef8d\" data-element_type=\"container\">\n\t\t\t\t<div class=\"elementor-element elementor-element-f6c6ab5 elementor-widget elementor-widget-image\" data-id=\"f6c6ab5\" data-element_type=\"widget\" data-widget_type=\"image.default\">\n\t\t\t\t<div class=\"elementor-widget-container\">\n\t\t\t\t\t\t\t\t\t\t\t\t\t\t\t<img fetchpriority=\"high\" decoding=\"async\" width=\"751\" height=\"563\" src=\"https:\/\/www.autoszkolalider.pl\/wp-content\/uploads\/2025\/03\/rzgowska.jpg\" class=\"attachment-large size-large wp-image-3729\" alt=\"\" srcset=\"https:\/\/www.autoszkolalider.pl\/wp-content\/uploads\/2025\/03\/rzgowska.jpg 960w, https:\/\/www.autoszkolalider.pl\/wp-content\/uploads\/2025\/03\/rzgowska-300x225.jpg 300w, https:\/\/www.autoszkolalider.pl\/wp-content\/uploads\/2025\/03\/rzgowska-768x576.jpg 768w, https:\/\/www.autoszkolalider.pl\/wp-content\/uploads\/2025\/03\/rzgowska-600x450.jpg 600w\" sizes=\"(max-width: 751px) 100vw, 751px\" \/>\t\t\t\t\t\t\t\t\t\t\t\t\t\t\t<\/div>\n\t\t\t\t<\/div>\n\t\t\t\t<\/div>\n\t\t\t\t<\/div>\n\t\t\t\t\t<\/div>\n\t\t\t\t<\/div>\n\t\t\t\t<\/div>\n\t\t","protected":false},"excerpt":{"rendered":"<p>Rzgowska 57 umawianie jazd od 12 do 17 pod tel. 517 406 129 Obs\u0142uga biura Paulina Pilich Kierownik OSK Bogdan Saba\u0142a &#8211; 515 274 586 Godziny otwarcia: Poniedzia\u0142ek \u2013 Pi\u0105tek: 10.00 \u2013 18.00 G\u00f3rna &#8211; to plac\u00f3wka obs\u0142uguj\u0105ca kursant\u00f3w z dzielnicy G\u00f3rna, ale tak\u017ce D\u0105browa, Chojny i Centrum w \u0141odzi. Usytuowana jest dok\u0142adnie naprzeciwko Czerwonego&#8230;<\/p>\n","protected":false},"author":1,"featured_media":0,"parent":0,"menu_order":0,"comment_status":"closed","ping_status":"closed","template":"","meta":{"om_disable_all_campaigns":false,"_monsterinsights_skip_tracking":false,"_monsterinsights_sitenote_active":false,"_monsterinsights_sitenote_note":"","_monsterinsights_sitenote_category":0,"_uf_show_specific_survey":0,"_uf_disable_surveys":false,"footnotes":""},"class_list":["post-3546","page","type-page","status-publish","hentry"],"aioseo_notices":[],"_links":{"self":[{"href":"https:\/\/www.autoszkolalider.pl\/index.php\/wp-json\/wp\/v2\/pages\/3546","targetHints":{"allow":["GET"]}}],"collection":[{"href":"https:\/\/www.autoszkolalider.pl\/index.php\/wp-json\/wp\/v2\/pages"}],"about":[{"href":"https:\/\/www.autoszkolalider.pl\/index.php\/wp-json\/wp\/v2\/types\/page"}],"author":[{"embeddable":true,"href":"https:\/\/www.autoszkolalider.pl\/index.php\/wp-json\/wp\/v2\/users\/1"}],"replies":[{"embeddable":true,"href":"https:\/\/www.autoszkolalider.pl\/index.php\/wp-json\/wp\/v2\/comments?post=3546"}],"version-history":[{"count":31,"href":"https:\/\/www.autoszkolalider.pl\/index.php\/wp-json\/wp\/v2\/pages\/3546\/revisions"}],"predecessor-version":[{"id":4021,"href":"https:\/\/www.autoszkolalider.pl\/index.php\/wp-json\/wp\/v2\/pages\/3546\/revisions\/4021"}],"wp:attachment":[{"href":"https:\/\/www.autoszkolalider.pl\/index.php\/wp-json\/wp\/v2\/media?parent=3546"}],"curies":[{"name":"wp","href":"https:\/\/api.w.org\/{rel}","templated":true}]}}