{"id":3554,"date":"2025-01-05T12:18:01","date_gmt":"2025-01-05T11:18:01","guid":{"rendered":"http:\/\/www.autoszkolalider.pl\/?page_id=3554"},"modified":"2025-10-02T17:26:59","modified_gmt":"2025-10-02T15:26:59","slug":"narutowicza","status":"publish","type":"page","link":"https:\/\/www.autoszkolalider.pl\/index.php\/narutowicza\/","title":{"rendered":"Narutowicza"},"content":{"rendered":"\t\t<div data-elementor-type=\"wp-page\" data-elementor-id=\"3554\" class=\"elementor elementor-3554\">\n\t\t\t\t<div class=\"elementor-element elementor-element-cef4267 e-flex e-con-boxed e-con e-parent\" data-id=\"cef4267\" data-element_type=\"container\" data-settings=\"{&quot;background_background&quot;:&quot;classic&quot;}\">\n\t\t\t\t\t<div class=\"e-con-inner\">\n\t\t<div class=\"elementor-element elementor-element-9ff65bc e-con-full e-flex e-con e-child\" data-id=\"9ff65bc\" data-element_type=\"container\">\n\t\t\t\t<div class=\"elementor-element elementor-element-9907799 elementor-widget elementor-widget-heading\" data-id=\"9907799\" data-element_type=\"widget\" data-widget_type=\"heading.default\">\n\t\t\t\t<div class=\"elementor-widget-container\">\n\t\t\t\t\t<h2 class=\"elementor-heading-title elementor-size-default\">Narutowicza 37<\/h2>\t\t\t\t<\/div>\n\t\t\t\t<\/div>\n\t\t<div class=\"elementor-element elementor-element-c1dd7f8 e-grid e-con-full e-con e-child\" data-id=\"c1dd7f8\" data-element_type=\"container\">\n\t\t\t\t<div class=\"elementor-element elementor-element-e4c0277 elementor-widget elementor-widget-text-editor\" data-id=\"e4c0277\" data-element_type=\"widget\" data-widget_type=\"text-editor.default\">\n\t\t\t\t<div class=\"elementor-widget-container\">\n\t\t\t\t\t\t\t\t\t<div class=\"outpost-about__open\"><p>umawianie jazd od 12 do 17 pod tel. <span style=\"color: #000000;\"><strong>798 445 485<\/strong><\/span><\/p><p>Obs\u0142uga biura Danuta Sawicka<\/p><p><strong>Kierownik OSK Bogdan Saba\u0142a &#8211; 515 274 586<\/strong><\/p><p>Godziny otwarcia:<br \/><span style=\"color: #000000;\"><b> Poniedzia\u0142ek \u2013 Pi\u0105tek: 12.00 \u2013 18.00<\/b><\/span><\/p><\/div><div class=\"outpost-about__desc\"><p>\u015ar\u00f3dmie\u015bcie &#8211; to nowa plac\u00f3wka autoszko\u0142y Lider obs\u0142uguj\u0105ca kursant\u00f3w. Dogodna komunikacja r\u00f3\u017cnymi \u015brodkami transportu umo\u017cliwi Pa\u0144stwu dotarcie do nas i zapisanie si\u0119 na kurs.<\/p><\/div>\t\t\t\t\t\t\t\t<\/div>\n\t\t\t\t<\/div>\n\t\t\t\t<div class=\"elementor-element elementor-element-94b2cd6 elementor-widget elementor-widget-google_maps\" data-id=\"94b2cd6\" data-element_type=\"widget\" data-widget_type=\"google_maps.default\">\n\t\t\t\t<div class=\"elementor-widget-container\">\n\t\t\t\t\t\t\t<div class=\"elementor-custom-embed\">\n\t\t\t<iframe loading=\"lazy\"\n\t\t\t\t\tsrc=\"https:\/\/maps.google.com\/maps?q=Polska%2C%20%C5%82%C3%B3d%C5%BA%2C%20narutowicza%2037&#038;t=m&#038;z=15&#038;output=embed&#038;iwloc=near\"\n\t\t\t\t\ttitle=\"Polska, \u0142\u00f3d\u017a, narutowicza 37\"\n\t\t\t\t\taria-label=\"Polska, \u0142\u00f3d\u017a, narutowicza 37\"\n\t\t\t><\/iframe>\n\t\t<\/div>\n\t\t\t\t\t\t<\/div>\n\t\t\t\t<\/div>\n\t\t\t\t<\/div>\n\t\t\t\t<\/div>\n\t\t<div class=\"elementor-element elementor-element-4cd5c07 e-con-full e-flex e-con e-child\" data-id=\"4cd5c07\" data-element_type=\"container\">\n\t\t<div class=\"elementor-element elementor-element-be4202c e-grid e-con-full e-con e-child\" data-id=\"be4202c\" data-element_type=\"container\">\n\t\t\t\t<div class=\"elementor-element elementor-element-db99fe5 elementor-widget elementor-widget-image\" data-id=\"db99fe5\" data-element_type=\"widget\" data-widget_type=\"image.default\">\n\t\t\t\t<div class=\"elementor-widget-container\">\n\t\t\t\t\t\t\t\t\t\t\t\t\t\t\t<img fetchpriority=\"high\" decoding=\"async\" width=\"751\" height=\"338\" src=\"https:\/\/www.autoszkolalider.pl\/wp-content\/uploads\/2025\/03\/20250212_162833-1024x461.jpg\" class=\"attachment-large size-large wp-image-3734\" alt=\"\" srcset=\"https:\/\/www.autoszkolalider.pl\/wp-content\/uploads\/2025\/03\/20250212_162833-1024x461.jpg 1024w, https:\/\/www.autoszkolalider.pl\/wp-content\/uploads\/2025\/03\/20250212_162833-300x135.jpg 300w, https:\/\/www.autoszkolalider.pl\/wp-content\/uploads\/2025\/03\/20250212_162833-768x346.jpg 768w, https:\/\/www.autoszkolalider.pl\/wp-content\/uploads\/2025\/03\/20250212_162833-1536x691.jpg 1536w, https:\/\/www.autoszkolalider.pl\/wp-content\/uploads\/2025\/03\/20250212_162833-2048x922.jpg 2048w, https:\/\/www.autoszkolalider.pl\/wp-content\/uploads\/2025\/03\/20250212_162833-600x270.jpg 600w\" sizes=\"(max-width: 751px) 100vw, 751px\" \/>\t\t\t\t\t\t\t\t\t\t\t\t\t\t\t<\/div>\n\t\t\t\t<\/div>\n\t\t\t\t<div class=\"elementor-element elementor-element-327606a elementor-widget elementor-widget-image\" data-id=\"327606a\" data-element_type=\"widget\" data-widget_type=\"image.default\">\n\t\t\t\t<div class=\"elementor-widget-container\">\n\t\t\t\t\t\t\t\t\t\t\t\t\t\t\t<img decoding=\"async\" width=\"751\" height=\"338\" src=\"https:\/\/www.autoszkolalider.pl\/wp-content\/uploads\/2025\/03\/20250212_162437-1024x461.jpg\" class=\"attachment-large size-large wp-image-3735\" alt=\"\" srcset=\"https:\/\/www.autoszkolalider.pl\/wp-content\/uploads\/2025\/03\/20250212_162437-1024x461.jpg 1024w, https:\/\/www.autoszkolalider.pl\/wp-content\/uploads\/2025\/03\/20250212_162437-300x135.jpg 300w, https:\/\/www.autoszkolalider.pl\/wp-content\/uploads\/2025\/03\/20250212_162437-768x346.jpg 768w, https:\/\/www.autoszkolalider.pl\/wp-content\/uploads\/2025\/03\/20250212_162437-1536x691.jpg 1536w, https:\/\/www.autoszkolalider.pl\/wp-content\/uploads\/2025\/03\/20250212_162437-2048x922.jpg 2048w, https:\/\/www.autoszkolalider.pl\/wp-content\/uploads\/2025\/03\/20250212_162437-600x270.jpg 600w\" sizes=\"(max-width: 751px) 100vw, 751px\" \/>\t\t\t\t\t\t\t\t\t\t\t\t\t\t\t<\/div>\n\t\t\t\t<\/div>\n\t\t\t\t<\/div>\n\t\t\t\t<div class=\"elementor-element elementor-element-a8c2346 elementor-widget elementor-widget-image\" data-id=\"a8c2346\" data-element_type=\"widget\" data-widget_type=\"image.default\">\n\t\t\t\t<div class=\"elementor-widget-container\">\n\t\t\t\t\t\t\t\t\t\t\t\t\t\t\t<img decoding=\"async\" width=\"751\" height=\"338\" src=\"https:\/\/www.autoszkolalider.pl\/wp-content\/uploads\/2025\/03\/20250212_162530-1024x461.jpg\" class=\"attachment-large size-large wp-image-3736\" alt=\"\" srcset=\"https:\/\/www.autoszkolalider.pl\/wp-content\/uploads\/2025\/03\/20250212_162530-1024x461.jpg 1024w, https:\/\/www.autoszkolalider.pl\/wp-content\/uploads\/2025\/03\/20250212_162530-300x135.jpg 300w, https:\/\/www.autoszkolalider.pl\/wp-content\/uploads\/2025\/03\/20250212_162530-768x346.jpg 768w, https:\/\/www.autoszkolalider.pl\/wp-content\/uploads\/2025\/03\/20250212_162530-1536x691.jpg 1536w, https:\/\/www.autoszkolalider.pl\/wp-content\/uploads\/2025\/03\/20250212_162530-2048x922.jpg 2048w, https:\/\/www.autoszkolalider.pl\/wp-content\/uploads\/2025\/03\/20250212_162530-600x270.jpg 600w\" sizes=\"(max-width: 751px) 100vw, 751px\" \/>\t\t\t\t\t\t\t\t\t\t\t\t\t\t\t<\/div>\n\t\t\t\t<\/div>\n\t\t\t\t<\/div>\n\t\t\t\t\t<\/div>\n\t\t\t\t<\/div>\n\t\t\t\t<\/div>\n\t\t","protected":false},"excerpt":{"rendered":"<p>Narutowicza 37 umawianie jazd od 12 do 17 pod tel. 798 445 485 Obs\u0142uga biura Danuta Sawicka Kierownik OSK Bogdan Saba\u0142a &#8211; 515 274 586 Godziny otwarcia: Poniedzia\u0142ek \u2013 Pi\u0105tek: 12.00 \u2013 18.00 \u015ar\u00f3dmie\u015bcie &#8211; to nowa plac\u00f3wka autoszko\u0142y Lider obs\u0142uguj\u0105ca kursant\u00f3w. Dogodna komunikacja r\u00f3\u017cnymi \u015brodkami transportu umo\u017cliwi Pa\u0144stwu dotarcie do nas i zapisanie si\u0119&#8230;<\/p>\n","protected":false},"author":1,"featured_media":0,"parent":0,"menu_order":0,"comment_status":"closed","ping_status":"closed","template":"","meta":{"om_disable_all_campaigns":false,"_monsterinsights_skip_tracking":false,"_monsterinsights_sitenote_active":false,"_monsterinsights_sitenote_note":"","_monsterinsights_sitenote_category":0,"_uf_show_specific_survey":0,"_uf_disable_surveys":false,"footnotes":""},"class_list":["post-3554","page","type-page","status-publish","hentry"],"aioseo_notices":[],"_links":{"self":[{"href":"https:\/\/www.autoszkolalider.pl\/index.php\/wp-json\/wp\/v2\/pages\/3554","targetHints":{"allow":["GET"]}}],"collection":[{"href":"https:\/\/www.autoszkolalider.pl\/index.php\/wp-json\/wp\/v2\/pages"}],"about":[{"href":"https:\/\/www.autoszkolalider.pl\/index.php\/wp-json\/wp\/v2\/types\/page"}],"author":[{"embeddable":true,"href":"https:\/\/www.autoszkolalider.pl\/index.php\/wp-json\/wp\/v2\/users\/1"}],"replies":[{"embeddable":true,"href":"https:\/\/www.autoszkolalider.pl\/index.php\/wp-json\/wp\/v2\/comments?post=3554"}],"version-history":[{"count":28,"href":"https:\/\/www.autoszkolalider.pl\/index.php\/wp-json\/wp\/v2\/pages\/3554\/revisions"}],"predecessor-version":[{"id":4018,"href":"https:\/\/www.autoszkolalider.pl\/index.php\/wp-json\/wp\/v2\/pages\/3554\/revisions\/4018"}],"wp:attachment":[{"href":"https:\/\/www.autoszkolalider.pl\/index.php\/wp-json\/wp\/v2\/media?parent=3554"}],"curies":[{"name":"wp","href":"https:\/\/api.w.org\/{rel}","templated":true}]}}