{"id":3605,"date":"2025-01-11T12:19:56","date_gmt":"2025-01-11T11:19:56","guid":{"rendered":"http:\/\/www.autoszkolalider.pl\/?page_id=3605"},"modified":"2025-01-11T12:23:46","modified_gmt":"2025-01-11T11:23:46","slug":"regulamin-2","status":"publish","type":"page","link":"https:\/\/www.autoszkolalider.pl\/index.php\/regulamin-2\/","title":{"rendered":"Regulamin"},"content":{"rendered":"\t\t<div data-elementor-type=\"wp-page\" data-elementor-id=\"3605\" class=\"elementor elementor-3605\">\n\t\t\t\t<div class=\"elementor-element elementor-element-82b2328 e-flex e-con-boxed e-con e-parent\" data-id=\"82b2328\" data-element_type=\"container\">\n\t\t\t\t\t<div class=\"e-con-inner\">\n\t\t<div class=\"elementor-element elementor-element-e59587f e-con-full e-flex e-con e-child\" data-id=\"e59587f\" data-element_type=\"container\">\n\t\t\t\t<div class=\"elementor-element elementor-element-b3e1aba elementor-widget elementor-widget-heading\" data-id=\"b3e1aba\" data-element_type=\"widget\" data-widget_type=\"heading.default\">\n\t\t\t\t<div class=\"elementor-widget-container\">\n\t\t\t\t\t<h2 class=\"elementor-heading-title elementor-size-default\">Regulamin Auto Szko\u0142y LIDER<\/h2>\t\t\t\t<\/div>\n\t\t\t\t<\/div>\n\t\t\t\t<\/div>\n\t\t<div class=\"elementor-element elementor-element-9f5ccd9 e-con-full e-flex e-con e-child\" data-id=\"9f5ccd9\" data-element_type=\"container\">\n\t\t\t\t<div class=\"elementor-element elementor-element-53a99ef elementor-widget elementor-widget-text-editor\" data-id=\"53a99ef\" data-element_type=\"widget\" data-widget_type=\"text-editor.default\">\n\t\t\t\t<div class=\"elementor-widget-container\">\n\t\t\t\t\t\t\t\t\t<header class=\"page-heading\"><div class=\"container\"><h2 class=\"page-heading__title\"><strong style=\"color: var(--title-color); font-family: var(--title-font); font-size: 36px; text-align: var(--text-align);\">\u00a0 \u00a0 I. SPRAWY ORGANIZACYJNE<\/strong><\/h2><\/div><\/header><section class=\"section regulamin\"><div class=\"container\"><div class=\"content-flexbox\"><div class=\"content-flexbox__primary\"><div class=\"ck-editor\"><h3>\u00a0<\/h3><ol><li><p>O\u015brodek prowadzi szkolenie z zakresu nauki jazdy kategorii B.<\/p><\/li><li><p>Wyk\u0142ady odbywaj\u0105 si\u0119 w dniach i godzinach ustalonych przez Auto Szko\u0142\u0119 LIDER.<\/p><\/li><li><p>Auto Szko\u0142a LIDER zastrzega sobie prawo do przesuni\u0119cia terminu rozpocz\u0119cia kursu.<\/p><\/li><li><p>Zaj\u0119cia praktyczne odbywaj\u0105 si\u0119 przez ca\u0142y tydzie\u0144 (tak\u017ce w soboty i niedziele) w godzinach 6.00-22.00.<\/p><\/li><li><p>Szkolenie mo\u017ce rozpocz\u0105\u0107 osoba, kt\u00f3ra za\u0142o\u017cy\u0142a Profil Kandydata na Kierowc\u0119 (PKK) w Wydziale Komunikacji.<\/p><\/li><li><p>Podstawowym obowi\u0105zkiem kursanta jest regularne i punktualne ucz\u0119szczanie na zaj\u0119cia teoretyczne i praktyczne.<\/p><\/li><li><p>Umawianie\u00a0<strong>zaj\u0119\u0107 praktycznych<\/strong>\u00a0(jazdy):<\/p><p>a) Kursant ma mo\u017cliwo\u015b\u0107 umawiania jazd osobi\u015bcie w biurze lub telefonicznie pod nr:<\/p><p>Oddzia\u0142 RETKINIA &#8211; tel: 506 110 275<\/p><p>Oddzia\u0142 CENTRUM i BA\u0141UTY &#8211; tel: 517 406 129<\/p><p>Oddzia\u0142 G\u00d3RNA &#8211; tel: 512 195 194<\/p><p><strong>b)<\/strong>\u00a0<strong>Kursant ma mo\u017cliwo\u015b\u0107 odwo\u0142a\u0107 zaplanowan\u0105 jazd\u0119 najp\u00f3\u017aniej do godz. 16:00<\/strong>\u00a0<strong>na dzie\u0144 przed ustalonym terminem &#8211;\u00a0<\/strong>nale\u017cy powiadomi\u0107 telefonicznie b\u0105d\u017a osobi\u015bcie w jednym z oddzia\u0142\u00f3w pracownika biura Auto Szko\u0142y LIDER, o odwo\u0142aniu jazd,<\/p><p><strong>UWAGA!<\/strong><strong>\u00a0<\/strong>jazdy zaplanowane na sobot\u0119, niedziel\u0119 i poniedzia\u0142ek mo\u017cna odwo\u0142a\u0107 najp\u00f3\u017aniej do pi\u0105tku do godziny 16.00,<\/p><p><strong>c<\/strong><strong>)<\/strong>\u00a0<strong>niezawiadomienie w wy\u017cej opisanym terminie o nieobecno\u015bci na zaplanowanych jazdach, skutkuje naliczeniem op\u0142aty w wysoko\u015bci\u00a0<\/strong><strong>= 60z\u0142\u00a0<\/strong><strong>za 1h godzin\u0119\u00a0<\/strong>(z powodu konieczno\u015bci wyp\u0142aty wynagrodzenia instruktorom za czas gotowo\u015bci do pracy),<\/p><p>d) powy\u017csze nie dotyczy szczeg\u00f3lnych przypadk\u00f3w losowych.<\/p><\/li><li><p>W przypadku skorzystania z p\u0142atno\u015bci ratalnych, kursant zobowi\u0105zuje si\u0119 do wp\u0142acenia minimum po\u0142owy ceny kursu, najp\u00f3\u017aniej w dniu zapisu na kurs (I rata), nast\u0119pna rata winna by\u0107 wp\u0142acona w wysoko\u015bci minimum 500 z\u0142 po zako\u0144czeniu cz\u0119\u015bci teoretycznej i do 10-tej godziny zaj\u0119\u0107 praktycznych (II rata). Ca\u0142o\u015b\u0107 op\u0142aty za kurs nale\u017cy uregulowa\u0107 do 20-tej godziny cz\u0119\u015bci praktycznej (III rata).<\/p><\/li><li><p>W przypadku nieuregulowania p\u0142atno\u015bci w wy\u017cej okre\u015blonym terminie, szkolenie praktyczne zostaje zawieszone do czasu wp\u0142yni\u0119cia reszty nale\u017cno\u015bci.<\/p><\/li><li><p>W przypadku przerwania szkolenia, kursant zobowi\u0105zuje si\u0119 do uregulowania p\u0142atno\u015bci proporcjonalnie do ilo\u015bci przeprowadzonych zaj\u0119\u0107 teoretycznych i zaj\u0119\u0107 praktycznych.<\/p><p><strong>II. PLAN NAUCZANIA<\/strong><\/p><\/li><li><p>Cz\u0119\u015b\u0107 teoretyczna:<\/p><p>a) Auto Szko\u0142a LIDER prowadzi zaj\u0119cia teoretyczne z wykorzystaniem pomocy dydaktycznych (plansze, projekcje DVD, programy komputerowe itp.)<\/p><p>b) Po zako\u0144czeniu cz\u0119\u015bci teoretycznej i praktycznej, kursant przyst\u0119puje do egzaminu wewn\u0119trznego w formie testu na licencjonowanym programie komputerowym \u201eEgzamin Wewn\u0119trzny\u201d.<\/p><p>c) Test zawiera 32 pytania, czas trwania egzaminu wynosi 25 minut. Wynik egzaminu wewn\u0119trznego jest pozytywny, je\u017celi kursant uzyska minimum 68 punkt\u00f3w na 74 punkty mo\u017cliwe.<\/p><p>d) Wynik negatywny powoduje konieczno\u015b\u0107 powt\u00f3rnego przyst\u0105pienia do egzaminu teoretycznego w ustalonym przez Auto Szko\u0142\u0119 terminie.<\/p><p>e) Godzina zaj\u0119\u0107 teoretycznych trwa 45 minut.<\/p><\/li><\/ol><p>Po zako\u0144czonej cz\u0119\u015bci teoretycznej kursu\u00a0<strong>osoba szkolona<\/strong>\u00a0przyst\u0119puje do pisemnego testu sprawdzaj\u0105cego znajomo\u015b\u0107 przepis\u00f3w prawa ruchu drogowego. Po uzyskaniu wyniku pozytywnego, kursant dopuszczony jest do cz\u0119\u015bci praktycznej kursu.<\/p><ol><li><p>Cz\u0119\u015b\u0107 praktyczna:<\/p><p>a) Zaj\u0119cia praktyczne obejmuj\u0105 zaj\u0119cia prowadzone na placu manewrowym i w ruchu drogowym oraz co najmniej 4 godziny jazdy poza obszarem zabudowanym.<\/p><p>b) Jazdy odbywaj\u0105 si\u0119 w terminach ustalonych z kursantem w biurze Auto Szko\u0142y LIDER<\/p><p>c) Godzina zaj\u0119\u0107 praktycznych trwa 60 min.<\/p><p>d) Zaj\u0119cia praktyczne ko\u0144cz\u0105 si\u0119 egzaminem wewn\u0119trznym.<\/p><p><strong>III. POSTANOWIENIA KO\u0143COWE<\/strong><\/p><\/li><li><p>W przypadku um\u00f3wienia dodatkowych zaj\u0119\u0107 praktycznych, op\u0142aty trzeba dokona\u0107 w dowolnie wybranym biurze Auto Szko\u0142y LIDER najp\u00f3\u017aniej na dzie\u0144 przed um\u00f3wionymi jazdami. W przypadku zaj\u0119\u0107 niedzielnych najp\u00f3\u017aniej w pi\u0105tek.<\/p><\/li><li><p>Aktualny cennik znajduje si\u0119 w biurze Auto Szko\u0142y LIDER oraz na stronie internetowej www.autoszkolalider.pl i stanowi integraln\u0105 cz\u0119\u015b\u0107 niniejszego regulaminu.<\/p><\/li><li><p>Regulamin jest umieszczony na stronie internetowej Auto Szko\u0142y LIDER oraz wywieszony\/wy\u0142o\u017cony w ka\u017cdym biurze Auto Szko\u0142y LIDER.<\/p><\/li><\/ol><\/div><\/div><\/div><\/div><\/section>\t\t\t\t\t\t\t\t<\/div>\n\t\t\t\t<\/div>\n\t\t\t\t<\/div>\n\t\t\t\t\t<\/div>\n\t\t\t\t<\/div>\n\t\t\t\t<\/div>\n\t\t","protected":false},"excerpt":{"rendered":"<p>Regulamin Auto Szko\u0142y LIDER \u00a0 \u00a0 I. SPRAWY ORGANIZACYJNE \u00a0 O\u015brodek prowadzi szkolenie z zakresu nauki jazdy kategorii B. Wyk\u0142ady odbywaj\u0105 si\u0119 w dniach i godzinach ustalonych przez Auto Szko\u0142\u0119 LIDER. Auto Szko\u0142a LIDER zastrzega sobie prawo do przesuni\u0119cia terminu rozpocz\u0119cia kursu. Zaj\u0119cia praktyczne odbywaj\u0105 si\u0119 przez ca\u0142y tydzie\u0144 (tak\u017ce w soboty i niedziele) w&#8230;<\/p>\n","protected":false},"author":1,"featured_media":0,"parent":0,"menu_order":0,"comment_status":"closed","ping_status":"closed","template":"","meta":{"om_disable_all_campaigns":false,"_monsterinsights_skip_tracking":false,"_monsterinsights_sitenote_active":false,"_monsterinsights_sitenote_note":"","_monsterinsights_sitenote_category":0,"_uf_show_specific_survey":0,"_uf_disable_surveys":false,"footnotes":""},"class_list":["post-3605","page","type-page","status-publish","hentry"],"aioseo_notices":[],"_links":{"self":[{"href":"https:\/\/www.autoszkolalider.pl\/index.php\/wp-json\/wp\/v2\/pages\/3605","targetHints":{"allow":["GET"]}}],"collection":[{"href":"https:\/\/www.autoszkolalider.pl\/index.php\/wp-json\/wp\/v2\/pages"}],"about":[{"href":"https:\/\/www.autoszkolalider.pl\/index.php\/wp-json\/wp\/v2\/types\/page"}],"author":[{"embeddable":true,"href":"https:\/\/www.autoszkolalider.pl\/index.php\/wp-json\/wp\/v2\/users\/1"}],"replies":[{"embeddable":true,"href":"https:\/\/www.autoszkolalider.pl\/index.php\/wp-json\/wp\/v2\/comments?post=3605"}],"version-history":[{"count":3,"href":"https:\/\/www.autoszkolalider.pl\/index.php\/wp-json\/wp\/v2\/pages\/3605\/revisions"}],"predecessor-version":[{"id":3608,"href":"https:\/\/www.autoszkolalider.pl\/index.php\/wp-json\/wp\/v2\/pages\/3605\/revisions\/3608"}],"wp:attachment":[{"href":"https:\/\/www.autoszkolalider.pl\/index.php\/wp-json\/wp\/v2\/media?parent=3605"}],"curies":[{"name":"wp","href":"https:\/\/api.w.org\/{rel}","templated":true}]}}