{"id":3609,"date":"2025-01-11T12:24:55","date_gmt":"2025-01-11T11:24:55","guid":{"rendered":"http:\/\/www.autoszkolalider.pl\/?page_id=3609"},"modified":"2025-01-11T12:27:36","modified_gmt":"2025-01-11T11:27:36","slug":"polityka","status":"publish","type":"page","link":"https:\/\/www.autoszkolalider.pl\/index.php\/polityka\/","title":{"rendered":"Polityka"},"content":{"rendered":"\t\t<div data-elementor-type=\"wp-page\" data-elementor-id=\"3609\" class=\"elementor elementor-3609\">\n\t\t\t\t<div class=\"elementor-element elementor-element-41c2219 e-flex e-con-boxed e-con e-parent\" data-id=\"41c2219\" data-element_type=\"container\">\n\t\t\t\t\t<div class=\"e-con-inner\">\n\t\t\t\t<div class=\"elementor-element elementor-element-1d27444 elementor-widget elementor-widget-heading\" data-id=\"1d27444\" data-element_type=\"widget\" data-widget_type=\"heading.default\">\n\t\t\t\t<div class=\"elementor-widget-container\">\n\t\t\t\t\t<h2 class=\"elementor-heading-title elementor-size-default\">Polityka prywatno\u015bci<\/h2>\t\t\t\t<\/div>\n\t\t\t\t<\/div>\n\t\t\t\t\t<\/div>\n\t\t\t\t<\/div>\n\t\t<div class=\"elementor-element elementor-element-820597d e-flex e-con-boxed e-con e-parent\" data-id=\"820597d\" data-element_type=\"container\">\n\t\t\t\t\t<div class=\"e-con-inner\">\n\t\t\t\t<div class=\"elementor-element elementor-element-e104b82 elementor-widget elementor-widget-text-editor\" data-id=\"e104b82\" data-element_type=\"widget\" data-widget_type=\"text-editor.default\">\n\t\t\t\t<div class=\"elementor-widget-container\">\n\t\t\t\t\t\t\t\t\t<div class=\"content-flexbox__primary\"><div class=\"ck-editor\"><ol><li>Zgodnie z przepisami ustawy Prawo telekomunikacyjne z dnia 16 lipca 2004 r. (Dz. U. 2004 nr 171 poz. 1800) informujemy, \u017ce strona wykorzystuje pliki cookies.<\/li><li>Pliki cookies (tzw. &#8220;ciasteczka&#8221;) stanowi\u0105 dane informatyczne, w szczeg\u00f3lno\u015bci pliki tekstowe, wysy\u0142ane przez serwer WWW, kt\u00f3re przechowywane s\u0105 w urz\u0105dzeniu ko\u0144cowym U\u017cytkownika i przeznaczone s\u0105 do korzystania ze stron internetowych. Cookies zawieraj\u0105 nazw\u0119 strony internetowej, z kt\u00f3rej pochodz\u0105, czas przechowywania ich na urz\u0105dzeniu ko\u0144cowym oraz unikalny numer. Domy\u015blne parametry plik\u00f3w cookies pozwalaj\u0105 na odczytanie informacji w nich zawartych jedynie serwerowi, kt\u00f3ry je utworzy\u0142.<\/li><li>Pliki cookies wykorzystywane s\u0105 w celu:<ol><li>dostosowania zawarto\u015bci stron internetowych do preferencji U\u017cytkownika oraz optymalizacji korzystania ze stron internetowych; w szczeg\u00f3lno\u015bci pliki te pozwalaj\u0105 rozpozna\u0107 urz\u0105dzenie U\u017cytkownika i odpowiednio wy\u015bwietli\u0107 stron\u0119 internetow\u0105, dostosowan\u0105 do jego indywidualnych potrzeb;<\/li><li>analityczno-statystycznych (analiza zachowa\u0144 Klient\u00f3w na stronie internetowej), marketingowych oraz w celu dopasowania tre\u015bci do indywidualnych potrzeb Kupuj\u0105cych.<\/li><li>poprawnej konfiguracji wybranych funkcji serwisu, umo\u017cliwiaj\u0105c w szczeg\u00f3lno\u015bci weryfikacj\u0119 autentyczno\u015bci sesji przegl\u0105darki<\/li><li>utrzymania sesji U\u017cytkownika serwisu, dzi\u0119ki kt\u00f3rej U\u017cytkownik nie musi na ka\u017cdej podstronie serwisu ponownie wpisywa\u0107 loginu i has\u0142a<\/li><\/ol><\/li><li>W wielu przypadkach oprogramowanie s\u0142u\u017c\u0105ce do przegl\u0105dania stron internetowych (przegl\u0105darka internetowa) domy\u015blnie dopuszcza przechowywanie plik\u00f3w cookies w urz\u0105dzeniu ko\u0144cowym U\u017cytkownika.<\/li><\/ol><p><strong>MO\u017bLIWO\u015a\u0106 OKRE\u015aLENIA WARUNK\u00d3W PRZECHOWYWANIA I UZYSKIWANIA DOSTEPU PRZEZ COOKIES.<\/strong><\/p><ol><li>U\u017cytkownik mo\u017ce samodzielnie i w ka\u017cdym czasie zmieni\u0107 ustawienia dotycz\u0105ce plik\u00f3w cookies, okre\u015blaj\u0105c warunki ich przechowywania lub uzyskiwania dost\u0119pu przez pliki cookies do Urz\u0105dzenia U\u017cytkownika. Zmiany ustawie\u0144, o kt\u00f3rych mowa w zdaniu poprzednim, U\u017cytkownik mo\u017ce dokona\u0107 za pomoc\u0105 ustawie\u0144 oprogramowania zainstalowanego w wykorzystywanym przez niego telekomunikacyjnym urz\u0105dzeniu ko\u0144cowym lub konfiguracji us\u0142ugi. Ustawienia te mog\u0105 zosta\u0107 zmienione w szczeg\u00f3lno\u015bci w taki spos\u00f3b, aby blokowa\u0107 automatyczn\u0105 obs\u0142ug\u0119 plik\u00f3w cookies w ustawieniach przegl\u0105darki internetowej b\u0105d\u017a informowa\u0107 o ich ka\u017cdorazowym zamieszczeniu cookies na urz\u0105dzeniu U\u017cytkownika. Szczeg\u00f3\u0142owe informacje o mo\u017cliwo\u015bci i sposobach obs\u0142ugi plik\u00f3w cookies dost\u0119pne s\u0105 w ustawieniach oprogramowania (przegl\u0105darki internetowej).<\/li><li>Pliki cookies zamieszczane w urz\u0105dzeniu ko\u0144cowym U\u017cytkownika i wykorzystywane mog\u0105 by\u0107 r\u00f3wnie\u017c przez wsp\u00f3\u0142pracuj\u0105cych ze sprzedawc\u0105 reklamodawc\u00f3w oraz partner\u00f3w.<\/li><li>U\u017cytkownik mo\u017ce w ka\u017cdej chwili usun\u0105\u0107 pliki cookies korzystaj\u0105c z dost\u0119pnych funkcji w przegl\u0105darce internetowej, kt\u00f3rej u\u017cywa.<\/li><li>Ograniczenie stosowania plik\u00f3w cookies, mo\u017ce wp\u0142yn\u0105\u0107 na niekt\u00f3re funkcjonalno\u015bci dost\u0119pne na stronie internetowej.<\/li><\/ol><\/div><\/div>\t\t\t\t\t\t\t\t<\/div>\n\t\t\t\t<\/div>\n\t\t\t\t\t<\/div>\n\t\t\t\t<\/div>\n\t\t\t\t<\/div>\n\t\t","protected":false},"excerpt":{"rendered":"<p>Polityka prywatno\u015bci Zgodnie z przepisami ustawy Prawo telekomunikacyjne z dnia 16 lipca 2004 r. (Dz. U. 2004 nr 171 poz. 1800) informujemy, \u017ce strona wykorzystuje pliki cookies. Pliki cookies (tzw. &#8220;ciasteczka&#8221;) stanowi\u0105 dane informatyczne, w szczeg\u00f3lno\u015bci pliki tekstowe, wysy\u0142ane przez serwer WWW, kt\u00f3re przechowywane s\u0105 w urz\u0105dzeniu ko\u0144cowym U\u017cytkownika i przeznaczone s\u0105 do korzystania ze&#8230;<\/p>\n","protected":false},"author":1,"featured_media":0,"parent":0,"menu_order":0,"comment_status":"closed","ping_status":"closed","template":"","meta":{"om_disable_all_campaigns":false,"_monsterinsights_skip_tracking":false,"_monsterinsights_sitenote_active":false,"_monsterinsights_sitenote_note":"","_monsterinsights_sitenote_category":0,"_uf_show_specific_survey":0,"_uf_disable_surveys":false,"footnotes":""},"class_list":["post-3609","page","type-page","status-publish","hentry"],"aioseo_notices":[],"_links":{"self":[{"href":"https:\/\/www.autoszkolalider.pl\/index.php\/wp-json\/wp\/v2\/pages\/3609","targetHints":{"allow":["GET"]}}],"collection":[{"href":"https:\/\/www.autoszkolalider.pl\/index.php\/wp-json\/wp\/v2\/pages"}],"about":[{"href":"https:\/\/www.autoszkolalider.pl\/index.php\/wp-json\/wp\/v2\/types\/page"}],"author":[{"embeddable":true,"href":"https:\/\/www.autoszkolalider.pl\/index.php\/wp-json\/wp\/v2\/users\/1"}],"replies":[{"embeddable":true,"href":"https:\/\/www.autoszkolalider.pl\/index.php\/wp-json\/wp\/v2\/comments?post=3609"}],"version-history":[{"count":3,"href":"https:\/\/www.autoszkolalider.pl\/index.php\/wp-json\/wp\/v2\/pages\/3609\/revisions"}],"predecessor-version":[{"id":3612,"href":"https:\/\/www.autoszkolalider.pl\/index.php\/wp-json\/wp\/v2\/pages\/3609\/revisions\/3612"}],"wp:attachment":[{"href":"https:\/\/www.autoszkolalider.pl\/index.php\/wp-json\/wp\/v2\/media?parent=3609"}],"curies":[{"name":"wp","href":"https:\/\/api.w.org\/{rel}","templated":true}]}}